{"id":16,"date":"2014-06-26T22:42:32","date_gmt":"2014-06-26T20:42:32","guid":{"rendered":"http:\/\/www.alexandrakern.se\/?page_id=16"},"modified":"2025-12-29T23:25:25","modified_gmt":"2025-12-29T22:25:25","slug":"kontakt","status":"publish","type":"page","link":"https:\/\/www.alexandrakern.se\/?page_id=16","title":{"rendered":"Kontakt"},"content":{"rendered":"<p><strong>GRAFIK och M\u00c5LNINGAR I KOMMISSONSF\u00d6RS\u00c4LJNING<\/strong><br \/>\n<a href=\"https:\/\/www.galleriduerr.com\" target=\"_blank\" rel=\"noopener\">Galleri Duerr<\/a> &#8211; Stockholm<br \/>\n<a title=\"Galleri Andersson\/Sandstr\u00f6m - Stockholm\/Ume\u00e5\" href=\"http:\/\/www.gasgrafik.se\/\" target=\"_blank\" rel=\"noopener\">Galleri Andersson Sandstr\u00f6m<\/a> &#8211; Ume\u00e5<br \/>\n<a href=\"http:\/\/www.grafiskasallskapet.se\/\" target=\"_blank\" rel=\"noopener\">Grafiska S\u00e4llskapet <\/a>&#8211; Stockholm<\/p>\n<p>Alexandra Kern<br \/>\natelj\u00e9\/studio: Fj\u00e4llgatan 23A STOCKHOLM<br \/>\nmobil: +46 (0)70 969 59 10<br \/>\ne-post: postkern(at)gmail.com<\/p>\n<p><span class=\"Apple-style-span\" style=\"color: #333333; font-family: Georgia, 'Times New Roman', 'Bitstream Charter', Times, serif; font-size: 12px; line-height: 21px;\"><img loading=\"lazy\" decoding=\"async\" class=\"alignnone size-full wp-image-8\" src=\"https:\/\/www.alexandrakern.se\/wp-content\/uploads\/2014\/06\/bild-3.jpg\" alt=\"bild 3\" width=\"640\" height=\"480\" srcset=\"https:\/\/www.alexandrakern.se\/wp-content\/uploads\/2014\/06\/bild-3.jpg 640w, https:\/\/www.alexandrakern.se\/wp-content\/uploads\/2014\/06\/bild-3-300x225.jpg 300w\" sizes=\"auto, (max-width: 640px) 100vw, 640px\" \/><\/span><\/p>\n","protected":false},"excerpt":{"rendered":"<p>GRAFIK och M\u00c5LNINGAR I KOMMISSONSF\u00d6RS\u00c4LJNING Galleri Duerr &#8211; Stockholm Galleri Andersson Sandstr\u00f6m &#8211; Ume\u00e5 Grafiska S\u00e4llskapet &#8211; Stockholm Alexandra Kern atelj\u00e9\/studio: Fj\u00e4llgatan 23A STOCKHOLM mobil: +46 (0)70 969 59 10 e-post: postkern(at)gmail.com<\/p>\n","protected":false},"author":2,"featured_media":0,"parent":0,"menu_order":0,"comment_status":"closed","ping_status":"closed","template":"","meta":{"footnotes":""},"class_list":["post-16","page","type-page","status-publish","hentry"],"_links":{"self":[{"href":"https:\/\/www.alexandrakern.se\/index.php?rest_route=\/wp\/v2\/pages\/16","targetHints":{"allow":["GET"]}}],"collection":[{"href":"https:\/\/www.alexandrakern.se\/index.php?rest_route=\/wp\/v2\/pages"}],"about":[{"href":"https:\/\/www.alexandrakern.se\/index.php?rest_route=\/wp\/v2\/types\/page"}],"author":[{"embeddable":true,"href":"https:\/\/www.alexandrakern.se\/index.php?rest_route=\/wp\/v2\/users\/2"}],"replies":[{"embeddable":true,"href":"https:\/\/www.alexandrakern.se\/index.php?rest_route=%2Fwp%2Fv2%2Fcomments&post=16"}],"version-history":[{"count":22,"href":"https:\/\/www.alexandrakern.se\/index.php?rest_route=\/wp\/v2\/pages\/16\/revisions"}],"predecessor-version":[{"id":586,"href":"https:\/\/www.alexandrakern.se\/index.php?rest_route=\/wp\/v2\/pages\/16\/revisions\/586"}],"wp:attachment":[{"href":"https:\/\/www.alexandrakern.se\/index.php?rest_route=%2Fwp%2Fv2%2Fmedia&parent=16"}],"curies":[{"name":"wp","href":"https:\/\/api.w.org\/{rel}","templated":true}]}}