{"id":24,"date":"2014-06-26T22:51:14","date_gmt":"2014-06-26T20:51:14","guid":{"rendered":"http:\/\/www.alexandrakern.se\/?page_id=24"},"modified":"2024-05-11T10:09:33","modified_gmt":"2024-05-11T08:09:33","slug":"c-v","status":"publish","type":"page","link":"https:\/\/www.alexandrakern.se\/?page_id=24","title":{"rendered":"C.V"},"content":{"rendered":"<p><strong>UTBILDNING<br \/><\/strong>1987- 1993 MFA Linjen f\u00f6r fri konst,<a title=\"Royal Institute of Art\" href=\"https:\/\/www.kkh.se\/\" target=\"_blank\" rel=\"noopener\"> Konsth\u00f6gskolan<\/a> i Stockholm<br \/>2001 Konst &amp; Arkitektur, \u201d Landskap \u201d <a title=\"Royal Institute of Art\" href=\"https:\/\/www.kkh.se\/\" target=\"_blank\" rel=\"noopener\">Konsth\u00f6gskolan <\/a>i Stockholm<br \/>2011 \u201dGoing Public\u201d, konst &amp; design i offentlig milj\u00f6, <a title=\"University College of Arts, Crafts and Design\" href=\"http:\/\/www.konstfack.se\/en\/\" target=\"_blank\" rel=\"noopener\">Konstfack<\/a> i Stockholm<br \/>2012 \u201dProjekt och processarbete i konst och kultur\u201d <a title=\"Beckmans\" href=\"http:\/\/www.beckmans.se\/english\/\" target=\"_blank\" rel=\"noopener\">Beckmans Akademi<\/a><\/p>\n<p><strong>KONSTN\u00c4RLIGT\u00a0GESTALTNINGSUPPDRAG<br \/><\/strong>Kung\u00e4lvssjukhus\u00a0 2019<br \/>Olovslundsskolan, J\u00e4rf\u00e4lla Kommun &#8211; 2016<br \/>\u00d6rebro Universitetssjukhus &#8211; 2009<br \/>Stockholmshem, Svedmyra &#8211; 2008<br \/>Soldalaskolan, S\u00f6dert\u00e4lje Kommun 2006<br \/>St:G\u00f6rans sjukhus 2000<\/p>\n<p><strong>SEPARATUTST\u00c4LLNING<br \/><\/strong>2024 Galleri Duerr, Stockholm<br \/>2022 Candyland, Stockholm<br \/>2018 Konstgalleriet H\u00e4lleforsn\u00e4s<br \/>2014 Ebelingmuseet, Torsh\u00e4lla<br \/>2014 G\u00f6teborgs Konstf\u00f6rening<br \/>2013 Grafiska S\u00e4llskapet i Stockholm<br \/>2010 Konstfr\u00e4mjandet Bergslagen, \u00d6rebro<br \/>2008 Konstn\u00e4rshuset, Stockholm<br \/>2008 Konstfr\u00e4mjandet, Malm\u00f6<br \/>2008 Jakobsbergskonsthall<br \/>2007 Galleri Palm Falsterbo<br \/>2003 Grafiska S\u00e4llskapet i Stockholm<br \/>1999 SAK Sveriges Allm\u00e4nna konstf\u00f6rening i Stockholm<br \/>1994 Galleri Mejan, Stockholm<\/p>\n<p><strong>SAMLINGSUTST\u00c4LLNINGAR I URVAL<br \/><\/strong>2022 Eskilstuna Konstmuseum Carl Axel Val\u00e9ns stipendiat jubileumsutst\u00e4llning<strong><br \/><\/strong>2018 9th International Printmaking Biennale, Portugal<strong><br \/><\/strong>2016 Kunstverket galleri, Oslo<br \/>2016 Galleri Thomassen, G\u00f6teborg<strong><br \/><\/strong>2015 Galleri Str\u00f6mbom, Uppsala<br \/>2010 -2012 \u201d Moment \u201d Eskilstuna Konstmuseum, S\u00f6dert\u00e4lje Konsthall,<br \/>\u00d6rebro Konsthall R\u00e4ttviks Kulturhus<br \/>2006 CASO Contemporary Art Space in Osaka, Japan<br \/>2005 \u201d Svensk grafik \u201d Edsviks konsthall, Stockholm<br \/>2005 \u201d Eget \u201d Liding\u00f6 stadshus, Stockholm<br \/>2005 \u201d Sommarutst\u00e4llning \u201d Grafikens Hus, Mariefred<br \/>2002 Konstlitografiska museet med Andreas Ribbung, Tidaholm<br \/>2002 \u201d ARTitektur \u201d \u00d6knen II , Grafikens Hus, Mariefred<br \/>2001 \u201d Nutida svensk konst \u201d Lettland<br \/>2000 \u201d Flora Tinctoria Graphica \u201d Grafikens Hus, Mariefred<br \/>1998 \u201d International Print Biennal \u201d Hokkado Museum of modern art, Japan<br \/>1998-2002 \u201d Fotogravure i Norden\u201d Skandinavien och U.S.A<br \/>1996 \u201d P\u00e5 tiden \u201d Moderna museet, Stockholm<\/p>\n<p><strong>REPRESENTERAD<\/strong><br \/>The British Museum, London<br \/>Moderna Museet, Stockholm<br \/>Nasjonalmuseet, Oslo<br \/>Nationalmuseet, Stockholm<br \/>Flertal regioner i Sverige<\/p>\n<p><strong>STIPENDIER<br \/><\/strong>2016 IASPIS &#8211; internationell utst\u00e4llning<br \/>2014 Erik Wessel Fougstedts stipendium<br \/>2013 Helge Ax:son Johnson<br \/>2010 Carl Axel Val\u00e9ns stiftelse<br \/>2007 &#8211; 2008 Konstn\u00e4rsn\u00e4mndens arbetsstipendium<br \/>2005 IASPIS Internationellt kulturutbyte &#8211; Japan<br \/>2002 Konstn\u00e4rsn\u00e4mndens arbetsstipendium<br \/>2002 Sverige &#8211; Finland Hanaholmens Kulturcentrum<br \/>2000 Ester Lindahl stipendium<br \/>2005 L\u00e4ngmanska kulturfonden<br \/>1998 Konstn\u00e4rsn\u00e4mndens arbetsstipendium<br \/>1997 Grafikens Hus<br \/>1996 Konstn\u00e4rsn\u00e4mndens arbetsstipendium<br \/>1995 L\u00e4ngmanska kulturfonden<\/p>\n\n\n<p><\/p>\n","protected":false},"excerpt":{"rendered":"<p>UTBILDNING1987- 1993 MFA Linjen f\u00f6r fri konst, Konsth\u00f6gskolan i Stockholm2001 Konst &amp; Arkitektur, \u201d Landskap \u201d Konsth\u00f6gskolan i Stockholm2011 \u201dGoing Public\u201d, konst &amp; design i offentlig milj\u00f6, Konstfack i Stockholm2012 \u201dProjekt och processarbete i konst och kultur\u201d Beckmans Akademi KONSTN\u00c4RLIGT\u00a0GESTALTNINGSUPPDRAGKung\u00e4lvssjukhus\u00a0 2019Olovslundsskolan, J\u00e4rf\u00e4lla Kommun &#8211; 2016\u00d6rebro Universitetssjukhus &#8211; 2009Stockholmshem, Svedmyra &#8211; 2008Soldalaskolan, S\u00f6dert\u00e4lje Kommun 2006St:G\u00f6rans sjukhus &hellip; <\/p>\n<p class=\"link-more\"><a href=\"https:\/\/www.alexandrakern.se\/?page_id=24\" class=\"more-link\">Forts\u00e4tt l\u00e4sa<span class=\"screen-reader-text\"> \u201dC.V\u201d<\/span><\/a><\/p>\n","protected":false},"author":2,"featured_media":0,"parent":0,"menu_order":0,"comment_status":"closed","ping_status":"closed","template":"","meta":{"footnotes":""},"class_list":["post-24","page","type-page","status-publish","hentry"],"_links":{"self":[{"href":"https:\/\/www.alexandrakern.se\/index.php?rest_route=\/wp\/v2\/pages\/24","targetHints":{"allow":["GET"]}}],"collection":[{"href":"https:\/\/www.alexandrakern.se\/index.php?rest_route=\/wp\/v2\/pages"}],"about":[{"href":"https:\/\/www.alexandrakern.se\/index.php?rest_route=\/wp\/v2\/types\/page"}],"author":[{"embeddable":true,"href":"https:\/\/www.alexandrakern.se\/index.php?rest_route=\/wp\/v2\/users\/2"}],"replies":[{"embeddable":true,"href":"https:\/\/www.alexandrakern.se\/index.php?rest_route=%2Fwp%2Fv2%2Fcomments&post=24"}],"version-history":[{"count":11,"href":"https:\/\/www.alexandrakern.se\/index.php?rest_route=\/wp\/v2\/pages\/24\/revisions"}],"predecessor-version":[{"id":488,"href":"https:\/\/www.alexandrakern.se\/index.php?rest_route=\/wp\/v2\/pages\/24\/revisions\/488"}],"wp:attachment":[{"href":"https:\/\/www.alexandrakern.se\/index.php?rest_route=%2Fwp%2Fv2%2Fmedia&parent=24"}],"curies":[{"name":"wp","href":"https:\/\/api.w.org\/{rel}","templated":true}]}}