{"id":67,"date":"2014-06-30T21:07:45","date_gmt":"2014-06-30T19:07:45","guid":{"rendered":"http:\/\/www.alexandrakern.se\/?page_id=67"},"modified":"2020-01-11T09:50:13","modified_gmt":"2020-01-11T08:50:13","slug":"uppdrag","status":"publish","type":"page","link":"https:\/\/www.alexandrakern.se\/?page_id=67","title":{"rendered":"Uppdrag &#8211; Commissions"},"content":{"rendered":"<p><strong>Estuarium<\/strong> Kung\u00e4lvssjukhus 2018<br \/>\nBest\u00e4llare Konstenheten V\u00e4stfastigheter V\u00e4stra G\u00f6talandsregionen<br \/>\n<a href=\"https:\/\/www.alexandrakern.se\/wp-content\/uploads\/2020\/01\/estuarium_alexandra_kern_2018_foto_mikael_stenberg_16.jpg\"><img loading=\"lazy\" decoding=\"async\" class=\"alignnone size-full wp-image-346\" src=\"https:\/\/www.alexandrakern.se\/wp-content\/uploads\/2020\/01\/estuarium_alexandra_kern_2018_foto_mikael_stenberg_16.jpg\" alt=\"\" width=\"1920\" height=\"1280\" srcset=\"https:\/\/www.alexandrakern.se\/wp-content\/uploads\/2020\/01\/estuarium_alexandra_kern_2018_foto_mikael_stenberg_16.jpg 1920w, https:\/\/www.alexandrakern.se\/wp-content\/uploads\/2020\/01\/estuarium_alexandra_kern_2018_foto_mikael_stenberg_16-300x200.jpg 300w, https:\/\/www.alexandrakern.se\/wp-content\/uploads\/2020\/01\/estuarium_alexandra_kern_2018_foto_mikael_stenberg_16-768x512.jpg 768w, https:\/\/www.alexandrakern.se\/wp-content\/uploads\/2020\/01\/estuarium_alexandra_kern_2018_foto_mikael_stenberg_16-1024x683.jpg 1024w\" sizes=\"auto, (max-width: 767px) 89vw, (max-width: 1000px) 54vw, (max-width: 1071px) 543px, 580px\" \/><\/a> <a href=\"https:\/\/www.alexandrakern.se\/wp-content\/uploads\/2020\/01\/estuarium_alexandra_kern_2018_foto_mikael_stenberg_17.jpg\"><img loading=\"lazy\" decoding=\"async\" class=\"alignnone size-full wp-image-347\" src=\"https:\/\/www.alexandrakern.se\/wp-content\/uploads\/2020\/01\/estuarium_alexandra_kern_2018_foto_mikael_stenberg_17.jpg\" alt=\"\" width=\"1920\" height=\"1296\" srcset=\"https:\/\/www.alexandrakern.se\/wp-content\/uploads\/2020\/01\/estuarium_alexandra_kern_2018_foto_mikael_stenberg_17.jpg 1920w, https:\/\/www.alexandrakern.se\/wp-content\/uploads\/2020\/01\/estuarium_alexandra_kern_2018_foto_mikael_stenberg_17-300x203.jpg 300w, https:\/\/www.alexandrakern.se\/wp-content\/uploads\/2020\/01\/estuarium_alexandra_kern_2018_foto_mikael_stenberg_17-768x518.jpg 768w, https:\/\/www.alexandrakern.se\/wp-content\/uploads\/2020\/01\/estuarium_alexandra_kern_2018_foto_mikael_stenberg_17-1024x691.jpg 1024w\" sizes=\"auto, (max-width: 767px) 89vw, (max-width: 1000px) 54vw, (max-width: 1071px) 543px, 580px\" \/><\/a> <a href=\"https:\/\/www.alexandrakern.se\/wp-content\/uploads\/2020\/01\/estuarium_alexandra_kern_2018_foto_mikael_stenberg_19.jpg\"><img loading=\"lazy\" decoding=\"async\" class=\"alignnone size-full wp-image-349\" src=\"https:\/\/www.alexandrakern.se\/wp-content\/uploads\/2020\/01\/estuarium_alexandra_kern_2018_foto_mikael_stenberg_19.jpg\" alt=\"\" width=\"1920\" height=\"1280\" srcset=\"https:\/\/www.alexandrakern.se\/wp-content\/uploads\/2020\/01\/estuarium_alexandra_kern_2018_foto_mikael_stenberg_19.jpg 1920w, https:\/\/www.alexandrakern.se\/wp-content\/uploads\/2020\/01\/estuarium_alexandra_kern_2018_foto_mikael_stenberg_19-300x200.jpg 300w, https:\/\/www.alexandrakern.se\/wp-content\/uploads\/2020\/01\/estuarium_alexandra_kern_2018_foto_mikael_stenberg_19-768x512.jpg 768w, https:\/\/www.alexandrakern.se\/wp-content\/uploads\/2020\/01\/estuarium_alexandra_kern_2018_foto_mikael_stenberg_19-1024x683.jpg 1024w\" sizes=\"auto, (max-width: 767px) 89vw, (max-width: 1000px) 54vw, (max-width: 1071px) 543px, 580px\" \/><\/a> <a href=\"https:\/\/www.alexandrakern.se\/wp-content\/uploads\/2020\/01\/estuarium_alexandra_kern_2018_foto_mikael_stenberg_18.jpg\"><img loading=\"lazy\" decoding=\"async\" class=\"alignnone size-full wp-image-348\" src=\"https:\/\/www.alexandrakern.se\/wp-content\/uploads\/2020\/01\/estuarium_alexandra_kern_2018_foto_mikael_stenberg_18.jpg\" alt=\"\" width=\"1920\" height=\"1280\" srcset=\"https:\/\/www.alexandrakern.se\/wp-content\/uploads\/2020\/01\/estuarium_alexandra_kern_2018_foto_mikael_stenberg_18.jpg 1920w, https:\/\/www.alexandrakern.se\/wp-content\/uploads\/2020\/01\/estuarium_alexandra_kern_2018_foto_mikael_stenberg_18-300x200.jpg 300w, https:\/\/www.alexandrakern.se\/wp-content\/uploads\/2020\/01\/estuarium_alexandra_kern_2018_foto_mikael_stenberg_18-768x512.jpg 768w, https:\/\/www.alexandrakern.se\/wp-content\/uploads\/2020\/01\/estuarium_alexandra_kern_2018_foto_mikael_stenberg_18-1024x683.jpg 1024w\" sizes=\"auto, (max-width: 767px) 89vw, (max-width: 1000px) 54vw, (max-width: 1071px) 543px, 580px\" \/><\/a>Fotograf \u00a9 Mikael Stenberg Valentine Experience<\/p>\n<p><a href=\"https:\/\/www.alexandrakern.se\/wp-content\/uploads\/2017\/09\/KS_3D_-modell.jpg\"><img loading=\"lazy\" decoding=\"async\" class=\"alignnone size-full wp-image-269\" src=\"https:\/\/www.alexandrakern.se\/wp-content\/uploads\/2017\/09\/KS_3D_-modell.jpg\" alt=\"\" width=\"1396\" height=\"783\" srcset=\"https:\/\/www.alexandrakern.se\/wp-content\/uploads\/2017\/09\/KS_3D_-modell.jpg 1396w, https:\/\/www.alexandrakern.se\/wp-content\/uploads\/2017\/09\/KS_3D_-modell-300x168.jpg 300w, https:\/\/www.alexandrakern.se\/wp-content\/uploads\/2017\/09\/KS_3D_-modell-768x431.jpg 768w, https:\/\/www.alexandrakern.se\/wp-content\/uploads\/2017\/09\/KS_3D_-modell-1024x574.jpg 1024w\" sizes=\"auto, (max-width: 767px) 89vw, (max-width: 1000px) 54vw, (max-width: 1071px) 543px, 580px\" \/><\/a><br \/>\n<strong><br \/>\n&#8221; PI &#8221; 2016<br \/>\n<\/strong>Konstn\u00e4rligt gestaltningsuppdrag till Olovslundskolan i J\u00e4rf\u00e4lla Kommun. Fyra m\u00e5lningar i format 1 x 1 m. Tema kring skolans naturvetenskapliga profil samt\u00a0inspiration fr\u00e5n elevernas\u00a0textila arbeten \u00a0&#8211; Kemi, Fysik, Biologi och Matematik.<\/p>\n<p><a href=\"https:\/\/www.alexandrakern.se\/wp-content\/uploads\/2014\/06\/Olovslundskolan3b.jpg\"><img loading=\"lazy\" decoding=\"async\" class=\"alignnone size-full wp-image-227\" src=\"https:\/\/www.alexandrakern.se\/wp-content\/uploads\/2014\/06\/Olovslundskolan3b.jpg\" alt=\"olovslundskolan3b\" width=\"622\" height=\"929\" srcset=\"https:\/\/www.alexandrakern.se\/wp-content\/uploads\/2014\/06\/Olovslundskolan3b.jpg 622w, https:\/\/www.alexandrakern.se\/wp-content\/uploads\/2014\/06\/Olovslundskolan3b-201x300.jpg 201w\" sizes=\"auto, (max-width: 622px) 100vw, 622px\" \/><\/a><\/p>\n<p><a href=\"https:\/\/www.alexandrakern.se\/wp-content\/uploads\/2014\/06\/Olovslund1.jpg\"><img loading=\"lazy\" decoding=\"async\" class=\"alignnone size-full wp-image-223\" src=\"https:\/\/www.alexandrakern.se\/wp-content\/uploads\/2014\/06\/Olovslund1.jpg\" alt=\"olovslund1\" width=\"622\" height=\"929\" srcset=\"https:\/\/www.alexandrakern.se\/wp-content\/uploads\/2014\/06\/Olovslund1.jpg 622w, https:\/\/www.alexandrakern.se\/wp-content\/uploads\/2014\/06\/Olovslund1-201x300.jpg 201w\" sizes=\"auto, (max-width: 622px) 100vw, 622px\" \/><\/a> <a href=\"https:\/\/www.alexandrakern.se\/wp-content\/uploads\/2014\/06\/Olovslund2.jpg\"><img loading=\"lazy\" decoding=\"async\" class=\"alignnone size-full wp-image-224\" src=\"https:\/\/www.alexandrakern.se\/wp-content\/uploads\/2014\/06\/Olovslund2.jpg\" alt=\"olovslund2\" width=\"929\" height=\"622\" srcset=\"https:\/\/www.alexandrakern.se\/wp-content\/uploads\/2014\/06\/Olovslund2.jpg 929w, https:\/\/www.alexandrakern.se\/wp-content\/uploads\/2014\/06\/Olovslund2-300x201.jpg 300w\" sizes=\"auto, (max-width: 767px) 89vw, (max-width: 1000px) 54vw, (max-width: 1071px) 543px, 580px\" \/><\/a><\/p>\n<figure id=\"attachment_209\" aria-describedby=\"caption-attachment-209\" style=\"width: 2482px\" class=\"wp-caption alignnone\"><a href=\"https:\/\/www.alexandrakern.se\/wp-content\/uploads\/2016\/07\/Vy_C.jpg\"><img loading=\"lazy\" decoding=\"async\" class=\"size-full wp-image-209\" src=\"https:\/\/www.alexandrakern.se\/wp-content\/uploads\/2016\/07\/Vy_C.jpg\" alt=\"3D skiss presentation &quot;PI&quot;\" width=\"2482\" height=\"1755\" srcset=\"https:\/\/www.alexandrakern.se\/wp-content\/uploads\/2016\/07\/Vy_C.jpg 2482w, https:\/\/www.alexandrakern.se\/wp-content\/uploads\/2016\/07\/Vy_C-300x212.jpg 300w, https:\/\/www.alexandrakern.se\/wp-content\/uploads\/2016\/07\/Vy_C-1024x724.jpg 1024w\" sizes=\"auto, (max-width: 767px) 89vw, (max-width: 1000px) 54vw, (max-width: 1071px) 543px, 580px\" \/><\/a><figcaption id=\"caption-attachment-209\" class=\"wp-caption-text\">3D skiss presentation &#8221;PI&#8221;<\/figcaption><\/figure>\n<p><strong><br \/>\n&#8221; Vackert V\u00e4der &#8221; 2008\u00a0<\/strong>Stockholmshem flerbostadshus i Svedmyra. Konstn\u00e4rligt gestaltningsuppdrag i digitaltryckt laminerat planglas.<\/p>\n<figure id=\"attachment_72\" aria-describedby=\"caption-attachment-72\" style=\"width: 1043px\" class=\"wp-caption alignnone\"><a href=\"https:\/\/www.alexandrakern.se\/wp-content\/uploads\/2014\/06\/svedmyra1.jpg\"><img loading=\"lazy\" decoding=\"async\" class=\"size-full wp-image-72\" src=\"https:\/\/www.alexandrakern.se\/wp-content\/uploads\/2014\/06\/svedmyra1.jpg\" alt=\"Stockholmshem Svedmyra 2008\" width=\"1043\" height=\"443\" srcset=\"https:\/\/www.alexandrakern.se\/wp-content\/uploads\/2014\/06\/svedmyra1.jpg 1043w, https:\/\/www.alexandrakern.se\/wp-content\/uploads\/2014\/06\/svedmyra1-300x127.jpg 300w, https:\/\/www.alexandrakern.se\/wp-content\/uploads\/2014\/06\/svedmyra1-1024x434.jpg 1024w\" sizes=\"auto, (max-width: 767px) 89vw, (max-width: 1000px) 54vw, (max-width: 1071px) 543px, 580px\" \/><\/a><figcaption id=\"caption-attachment-72\" class=\"wp-caption-text\">Stockholmshem Svedmyra 2008<\/figcaption><\/figure>\n<figure id=\"attachment_71\" aria-describedby=\"caption-attachment-71\" style=\"width: 1152px\" class=\"wp-caption alignnone\"><a href=\"https:\/\/www.alexandrakern.se\/wp-content\/uploads\/2014\/06\/svedmyra.jpg\"><img loading=\"lazy\" decoding=\"async\" class=\"size-full wp-image-71\" src=\"https:\/\/www.alexandrakern.se\/wp-content\/uploads\/2014\/06\/svedmyra.jpg\" alt=\"Stockholmshem Svedmyra 2008\" width=\"1152\" height=\"768\" srcset=\"https:\/\/www.alexandrakern.se\/wp-content\/uploads\/2014\/06\/svedmyra.jpg 1152w, https:\/\/www.alexandrakern.se\/wp-content\/uploads\/2014\/06\/svedmyra-300x200.jpg 300w, https:\/\/www.alexandrakern.se\/wp-content\/uploads\/2014\/06\/svedmyra-1024x682.jpg 1024w\" sizes=\"auto, (max-width: 767px) 89vw, (max-width: 1000px) 54vw, (max-width: 1071px) 543px, 580px\" \/><\/a><figcaption id=\"caption-attachment-71\" class=\"wp-caption-text\">Stockholmshem Svedmyra 2008<\/figcaption><\/figure>\n<figure id=\"attachment_70\" aria-describedby=\"caption-attachment-70\" style=\"width: 1152px\" class=\"wp-caption alignleft\"><a href=\"https:\/\/www.alexandrakern.se\/wp-content\/uploads\/2014\/06\/svedmyra_emb.jpg\"><img loading=\"lazy\" decoding=\"async\" class=\"size-full wp-image-70\" src=\"https:\/\/www.alexandrakern.se\/wp-content\/uploads\/2014\/06\/svedmyra_emb.jpg\" alt=\"Stockholmshem Svedmyra 2008\" width=\"1152\" height=\"768\" srcset=\"https:\/\/www.alexandrakern.se\/wp-content\/uploads\/2014\/06\/svedmyra_emb.jpg 1152w, https:\/\/www.alexandrakern.se\/wp-content\/uploads\/2014\/06\/svedmyra_emb-300x200.jpg 300w, https:\/\/www.alexandrakern.se\/wp-content\/uploads\/2014\/06\/svedmyra_emb-1024x682.jpg 1024w\" sizes=\"auto, (max-width: 767px) 89vw, (max-width: 1000px) 54vw, (max-width: 1071px) 543px, 580px\" \/><\/a><figcaption id=\"caption-attachment-70\" class=\"wp-caption-text\">Stockholmshem Svedmyra 2008<\/figcaption><\/figure>\n<figure id=\"attachment_76\" aria-describedby=\"caption-attachment-76\" style=\"width: 1152px\" class=\"wp-caption alignnone\"><a href=\"https:\/\/www.alexandrakern.se\/wp-content\/uploads\/2014\/06\/6_svedmyra_sk-e1404159415676.jpg\"><img loading=\"lazy\" decoding=\"async\" class=\"size-full wp-image-76\" src=\"https:\/\/www.alexandrakern.se\/wp-content\/uploads\/2014\/06\/6_svedmyra_sk-e1404159415676.jpg\" alt=\"Stockholmshem Svedmyra 2008\" width=\"1152\" height=\"973\" \/><\/a><figcaption id=\"caption-attachment-76\" class=\"wp-caption-text\">Stockholmshem Svedmyra 2008<\/figcaption><\/figure>\n<p><strong>&#8221; Serpentin\u00a0&#8221; 2006<\/strong> Soldalaskolan i S\u00f6dert\u00e4lje. 40st \u00a0d\u00f6rr och v\u00e4ggpartier \u00a0i digitaltryckt laminerat planglas. Telgefastigheter AB byggherre och best\u00e4llare av Konstn\u00e4rligt gestaltningsuppdrag.<\/p>\n<figure id=\"attachment_79\" aria-describedby=\"caption-attachment-79\" style=\"width: 1539px\" class=\"wp-caption alignnone\"><a href=\"https:\/\/www.alexandrakern.se\/wp-content\/uploads\/2014\/06\/soldala_pan.jpg\"><img loading=\"lazy\" decoding=\"async\" class=\"size-full wp-image-79\" src=\"https:\/\/www.alexandrakern.se\/wp-content\/uploads\/2014\/06\/soldala_pan.jpg\" alt=\"Soldalaskolan 2006\" width=\"1539\" height=\"768\" srcset=\"https:\/\/www.alexandrakern.se\/wp-content\/uploads\/2014\/06\/soldala_pan.jpg 1539w, https:\/\/www.alexandrakern.se\/wp-content\/uploads\/2014\/06\/soldala_pan-300x149.jpg 300w, https:\/\/www.alexandrakern.se\/wp-content\/uploads\/2014\/06\/soldala_pan-1024x511.jpg 1024w\" sizes=\"auto, (max-width: 767px) 89vw, (max-width: 1000px) 54vw, (max-width: 1071px) 543px, 580px\" \/><\/a><figcaption id=\"caption-attachment-79\" class=\"wp-caption-text\">Soldalaskolan 2006<\/figcaption><\/figure>\n<figure id=\"attachment_78\" aria-describedby=\"caption-attachment-78\" style=\"width: 1152px\" class=\"wp-caption alignnone\"><a href=\"https:\/\/www.alexandrakern.se\/wp-content\/uploads\/2014\/06\/soldala_gul.jpg\"><img loading=\"lazy\" decoding=\"async\" class=\"size-full wp-image-78\" src=\"https:\/\/www.alexandrakern.se\/wp-content\/uploads\/2014\/06\/soldala_gul.jpg\" alt=\"Soldalaskolan 2006 \" width=\"1152\" height=\"768\" srcset=\"https:\/\/www.alexandrakern.se\/wp-content\/uploads\/2014\/06\/soldala_gul.jpg 1152w, https:\/\/www.alexandrakern.se\/wp-content\/uploads\/2014\/06\/soldala_gul-300x200.jpg 300w, https:\/\/www.alexandrakern.se\/wp-content\/uploads\/2014\/06\/soldala_gul-1024x682.jpg 1024w\" sizes=\"auto, (max-width: 767px) 89vw, (max-width: 1000px) 54vw, (max-width: 1071px) 543px, 580px\" \/><\/a><figcaption id=\"caption-attachment-78\" class=\"wp-caption-text\">Soldalaskolan 2006<\/figcaption><\/figure>\n<figure id=\"attachment_80\" aria-describedby=\"caption-attachment-80\" style=\"width: 770px\" class=\"wp-caption alignnone\"><a href=\"https:\/\/www.alexandrakern.se\/wp-content\/uploads\/2014\/06\/soldala_red.jpg\"><img loading=\"lazy\" decoding=\"async\" class=\"size-full wp-image-80\" src=\"https:\/\/www.alexandrakern.se\/wp-content\/uploads\/2014\/06\/soldala_red.jpg\" alt=\"Soldalaskolan 2006\" width=\"770\" height=\"1152\" srcset=\"https:\/\/www.alexandrakern.se\/wp-content\/uploads\/2014\/06\/soldala_red.jpg 770w, https:\/\/www.alexandrakern.se\/wp-content\/uploads\/2014\/06\/soldala_red-200x300.jpg 200w, https:\/\/www.alexandrakern.se\/wp-content\/uploads\/2014\/06\/soldala_red-684x1024.jpg 684w\" sizes=\"auto, (max-width: 767px) 89vw, (max-width: 1000px) 54vw, (max-width: 1071px) 543px, 580px\" \/><\/a><figcaption id=\"caption-attachment-80\" class=\"wp-caption-text\">Soldalaskolan 2006<\/figcaption><\/figure>\n<p><strong>&#8221; Dancing Pearls &#8221; 2009<\/strong>, Universitetssjukhuset, Sterilcentralen i \u00d6rebro. Konstn\u00e4rligt gestaltningsuppdrag i laminerat planglas. Passage med glasparti i 9\u00a0sektioner.<\/p>\n<figure id=\"attachment_83\" aria-describedby=\"caption-attachment-83\" style=\"width: 709px\" class=\"wp-caption alignnone\"><a href=\"https:\/\/www.alexandrakern.se\/wp-content\/uploads\/2014\/06\/glas4_OLL.jpg\"><img loading=\"lazy\" decoding=\"async\" class=\"size-full wp-image-83\" src=\"https:\/\/www.alexandrakern.se\/wp-content\/uploads\/2014\/06\/glas4_OLL.jpg\" alt=\"Sterilcentralen Universitetssjukhuset \u00d6rebro 2009\" width=\"709\" height=\"471\" srcset=\"https:\/\/www.alexandrakern.se\/wp-content\/uploads\/2014\/06\/glas4_OLL.jpg 709w, https:\/\/www.alexandrakern.se\/wp-content\/uploads\/2014\/06\/glas4_OLL-300x199.jpg 300w\" sizes=\"auto, (max-width: 709px) 100vw, 709px\" \/><\/a><figcaption id=\"caption-attachment-83\" class=\"wp-caption-text\">Sterilcentralen Universitetssjukhuset \u00d6rebro 2009<\/figcaption><\/figure>\n<figure id=\"attachment_84\" aria-describedby=\"caption-attachment-84\" style=\"width: 2592px\" class=\"wp-caption alignnone\"><a href=\"https:\/\/www.alexandrakern.se\/wp-content\/uploads\/2014\/06\/oll1.jpg\"><img loading=\"lazy\" decoding=\"async\" class=\"size-full wp-image-84\" src=\"https:\/\/www.alexandrakern.se\/wp-content\/uploads\/2014\/06\/oll1.jpg\" alt=\"Sterilcentralen Universitetssjukhuset \u00d6rebro 2009\" width=\"2592\" height=\"3872\" srcset=\"https:\/\/www.alexandrakern.se\/wp-content\/uploads\/2014\/06\/oll1.jpg 2592w, https:\/\/www.alexandrakern.se\/wp-content\/uploads\/2014\/06\/oll1-200x300.jpg 200w, https:\/\/www.alexandrakern.se\/wp-content\/uploads\/2014\/06\/oll1-685x1024.jpg 685w\" sizes=\"auto, (max-width: 767px) 89vw, (max-width: 1000px) 54vw, (max-width: 1071px) 543px, 580px\" \/><\/a><figcaption id=\"caption-attachment-84\" class=\"wp-caption-text\">Sterilcentralen Universitetssjukhuset \u00d6rebro 2009<\/figcaption><\/figure>\n<figure id=\"attachment_309\" aria-describedby=\"caption-attachment-309\" style=\"width: 1181px\" class=\"wp-caption alignnone\"><a href=\"https:\/\/www.alexandrakern.se\/wp-content\/uploads\/2018\/10\/alchemilla_rosenlund3.jpg\"><img loading=\"lazy\" decoding=\"async\" class=\"size-full wp-image-309\" src=\"https:\/\/www.alexandrakern.se\/wp-content\/uploads\/2018\/10\/alchemilla_rosenlund3.jpg\" alt=\"\" width=\"1181\" height=\"945\" srcset=\"https:\/\/www.alexandrakern.se\/wp-content\/uploads\/2018\/10\/alchemilla_rosenlund3.jpg 1181w, https:\/\/www.alexandrakern.se\/wp-content\/uploads\/2018\/10\/alchemilla_rosenlund3-300x240.jpg 300w, https:\/\/www.alexandrakern.se\/wp-content\/uploads\/2018\/10\/alchemilla_rosenlund3-768x615.jpg 768w, https:\/\/www.alexandrakern.se\/wp-content\/uploads\/2018\/10\/alchemilla_rosenlund3-1024x819.jpg 1024w\" sizes=\"auto, (max-width: 767px) 89vw, (max-width: 1000px) 54vw, (max-width: 1071px) 543px, 580px\" \/><\/a><figcaption id=\"caption-attachment-309\" class=\"wp-caption-text\">&#8221; Alchemilla &#8221; Huvudentr\u00e9n Rosenlunds sjukhus ursprungligen uppdrag f\u00f6r St:G\u00f6rans sjukhus dagoperation 2000<\/figcaption><\/figure>\n<figure id=\"attachment_310\" aria-describedby=\"caption-attachment-310\" style=\"width: 756px\" class=\"wp-caption alignnone\"><a href=\"https:\/\/www.alexandrakern.se\/wp-content\/uploads\/2018\/10\/alchemilla_rosenlund4.jpg\"><img loading=\"lazy\" decoding=\"async\" class=\"wp-image-310 size-full\" src=\"https:\/\/www.alexandrakern.se\/wp-content\/uploads\/2018\/10\/alchemilla_rosenlund4.jpg\" alt=\"\" width=\"756\" height=\"945\" srcset=\"https:\/\/www.alexandrakern.se\/wp-content\/uploads\/2018\/10\/alchemilla_rosenlund4.jpg 756w, https:\/\/www.alexandrakern.se\/wp-content\/uploads\/2018\/10\/alchemilla_rosenlund4-240x300.jpg 240w\" sizes=\"auto, (max-width: 706px) 89vw, (max-width: 767px) 82vw, 740px\" \/><\/a><figcaption id=\"caption-attachment-310\" class=\"wp-caption-text\">&#8221; Alchemilla &#8221; Huvudentr\u00e9n Rosenlunds sjukhus ursprungligen uppdrag f\u00f6r St:G\u00f6rans sjukhus dagoperation 2000<\/figcaption><\/figure>\n<figure id=\"attachment_308\" aria-describedby=\"caption-attachment-308\" style=\"width: 945px\" class=\"wp-caption alignnone\"><a href=\"https:\/\/www.alexandrakern.se\/wp-content\/uploads\/2018\/10\/alchemilla_rosenlund2.jpg\"><img loading=\"lazy\" decoding=\"async\" class=\"size-full wp-image-308\" src=\"https:\/\/www.alexandrakern.se\/wp-content\/uploads\/2018\/10\/alchemilla_rosenlund2.jpg\" alt=\"\" width=\"945\" height=\"1181\" srcset=\"https:\/\/www.alexandrakern.se\/wp-content\/uploads\/2018\/10\/alchemilla_rosenlund2.jpg 945w, https:\/\/www.alexandrakern.se\/wp-content\/uploads\/2018\/10\/alchemilla_rosenlund2-240x300.jpg 240w, https:\/\/www.alexandrakern.se\/wp-content\/uploads\/2018\/10\/alchemilla_rosenlund2-768x960.jpg 768w, https:\/\/www.alexandrakern.se\/wp-content\/uploads\/2018\/10\/alchemilla_rosenlund2-819x1024.jpg 819w\" sizes=\"auto, (max-width: 767px) 89vw, (max-width: 1000px) 54vw, (max-width: 1071px) 543px, 580px\" \/><\/a><figcaption id=\"caption-attachment-308\" class=\"wp-caption-text\">&#8221; Alchemilla &#8221; Huvudentr\u00e9n Rosenlunds sjukhus ursprungligen uppdrag f\u00f6r St:G\u00f6rans sjukhus dagoperation 2000<\/figcaption><\/figure>\n","protected":false},"excerpt":{"rendered":"<p>Estuarium Kung\u00e4lvssjukhus 2018 Best\u00e4llare Konstenheten V\u00e4stfastigheter V\u00e4stra G\u00f6talandsregionen Fotograf \u00a9 Mikael Stenberg Valentine Experience &#8221; PI &#8221; 2016 Konstn\u00e4rligt gestaltningsuppdrag till Olovslundskolan i J\u00e4rf\u00e4lla Kommun. Fyra m\u00e5lningar i format 1 x 1 m. Tema kring skolans naturvetenskapliga profil samt\u00a0inspiration fr\u00e5n elevernas\u00a0textila arbeten \u00a0&#8211; Kemi, Fysik, Biologi och Matematik. &#8221; Vackert V\u00e4der &#8221; 2008\u00a0Stockholmshem flerbostadshus i &hellip; <\/p>\n<p class=\"link-more\"><a href=\"https:\/\/www.alexandrakern.se\/?page_id=67\" class=\"more-link\">Forts\u00e4tt l\u00e4sa<span class=\"screen-reader-text\"> \u201dUppdrag &#8211; Commissions\u201d<\/span><\/a><\/p>\n","protected":false},"author":2,"featured_media":0,"parent":0,"menu_order":0,"comment_status":"closed","ping_status":"open","template":"","meta":{"footnotes":""},"class_list":["post-67","page","type-page","status-publish","hentry"],"_links":{"self":[{"href":"https:\/\/www.alexandrakern.se\/index.php?rest_route=\/wp\/v2\/pages\/67","targetHints":{"allow":["GET"]}}],"collection":[{"href":"https:\/\/www.alexandrakern.se\/index.php?rest_route=\/wp\/v2\/pages"}],"about":[{"href":"https:\/\/www.alexandrakern.se\/index.php?rest_route=\/wp\/v2\/types\/page"}],"author":[{"embeddable":true,"href":"https:\/\/www.alexandrakern.se\/index.php?rest_route=\/wp\/v2\/users\/2"}],"replies":[{"embeddable":true,"href":"https:\/\/www.alexandrakern.se\/index.php?rest_route=%2Fwp%2Fv2%2Fcomments&post=67"}],"version-history":[{"count":19,"href":"https:\/\/www.alexandrakern.se\/index.php?rest_route=\/wp\/v2\/pages\/67\/revisions"}],"predecessor-version":[{"id":351,"href":"https:\/\/www.alexandrakern.se\/index.php?rest_route=\/wp\/v2\/pages\/67\/revisions\/351"}],"wp:attachment":[{"href":"https:\/\/www.alexandrakern.se\/index.php?rest_route=%2Fwp%2Fv2%2Fmedia&parent=67"}],"curies":[{"name":"wp","href":"https:\/\/api.w.org\/{rel}","templated":true}]}}